{"id":620,"date":"2007-03-26T01:37:01","date_gmt":"2007-03-26T00:37:01","guid":{"rendered":"http:\/\/localhost\/wordpress\/autor\/"},"modified":"2013-05-10T19:56:10","modified_gmt":"2013-05-10T18:56:10","slug":"autor","status":"publish","type":"page","link":"https:\/\/blog.cernosice.cz\/index.php\/autor","title":{"rendered":"Autor"},"content":{"rendered":"<table>\n<tr>\n<td>\n<dl class=\"event\">\n<dt>Osobn\u00ed<\/dt>\n<dd><strong>Jan Proch\u00e1zka<\/strong> (*1979)<\/dd>\n<dd>Praha \/ \u010cerno\u0161ice u\u00a0Prahy<\/dd>\n<dt>Praxe<\/dt>\n<dd>freelance<\/dd>\n<dd>php program\u00e1tor, mysql datab\u00e1ze<\/dd>\n<dd>html, xhtml, xml, css<\/dd>\n<dd>grafika, administrace, lan, wlan<\/dd>\n<dd>konzultace, poradenstv\u00ed, n\u00e1kup a prodej<\/dd>\n<dd>marketing, reklama<\/dd>\n<dd>it slu\u017eby pro spisovny a archivy<\/dd>\n<dt>\u010clenstv\u00ed<\/dt>\n<dd>pracovn\u00ed skupina rady M\u010c Praha 7\u00a0pro informatiku<\/dd>\n<dd>rada o.s. Doln\u00edBerounka.net<\/dd>\n<dt>Spolupr\u00e1ce<\/dt>\n<dd><a href=\"http:\/\/rf-hobby.cz\/\">Renata Film I<\/a>, <a href=\"http:\/\/www.leo.cz\/\">Leo<\/a><\/dd>\n<dd><del>Samba Digital Media<\/del><\/dd>\n<dd><a href=\"http:\/\/www.dgu.cz\/\">D\u00edlna pro grafickou \u00fapravu<\/a><\/dd>\n<dd><a href=\"http:\/\/www.advertures.cz\/\">Advertures<\/a><\/dd>\n<dd><a href=\"http:\/\/www.ynot.cz\/\">Ynot<\/a><\/dd>\n<dd><del>CzechMania<\/del><\/dd>\n<dt>Kontakt<\/dt>\n<dd><a href=\"mailto:prochazka%40gmail.com\">prochazka&#64;<!-- -->gmail.com<\/a><\/dd>\n<\/dl>\n<\/td>\n<td valign=\"top\">\n<dl class=\"event\">\n<dt>Projekty<\/dt>\n<dd><a href=\"https:\/\/blog.cernosice.cz\/\">Prochaine Bloguje<\/a><\/dd>\n<dd><a href=\"http:\/\/www.alcz.cz\/\">ALCZ<\/a><\/dd>\n<dd><a href=\"http:\/\/www.galeriekodl.cz\/\">Antikva Nova Kodl<\/a><\/dd>\n<dd><a href=\"http:\/\/www.barrandov.cz\/\">Barrandov<\/a><\/dd>\n<dd><a href=\"http:\/\/www.big-prague.cz\/cs\/\">BIG PR<\/a><\/dd>\n<dd><a href=\"http:\/\/www.big-prague.cz\/cs\/\">BIG Prague<\/a><\/dd>\n<dd><span class=\"removed_link\">BioDeo<\/span><\/dd>\n<dd><a href=\"http:\/\/www.czech100.com\/\">Czech 100\u00a0Design Icons<\/a><\/dd>\n<dd><a href=\"http:\/\/www.cernosice.cz\/\">\u010cerno\u0161ice<\/a><\/dd>\n<dd><del>Hotel u\u00a0Svat\u00e9ho Vav\u0159ince<\/del><\/dd>\n<dd><a href=\"http:\/\/www.ikauto.cz\/\">IK Auto<\/a><\/dd>\n<dd><a href=\"http:\/\/www.iscs.cz\/\">Investi\u010dn\u00ed spole\u010dnost \u010cesk\u00e9 Spo\u0159itelny<\/a><\/dd>\n<dd><a href=\"http:\/\/www.meico.cz\/\">Meico System&#8217;s<\/a><\/dd>\n<dd><a href=\"http:\/\/www.ngprague.cz\/\">N\u00e1rodn\u00ed Galerie hl. m. Prahy<\/a><\/dd>\n<dd><a href=\"http:\/\/www.premiercup.cz\/\">Nike Premier Cup 2003\u20132004 <\/a><\/dd>\n<dd><a href=\"http:\/\/patchwork.cernosice.cz\/\">Patchwork<\/a><\/dd>\n<dd><span class=\"removed_link\">Pilsner Urquell Music<\/span><\/dd>\n<dd><a href=\"http:\/\/www.upm.cz\/\">Um\u011bleckopr\u016fmyslov\u00e9 museum v\u00a0Praze<\/a><\/dd>\n<dd><a href=\"http:\/\/www.s2photo.cz\/\">S2photo<\/a><\/dd>\n<dd><del>Samba Digital Media<\/del><\/dd>\n<dd><a href=\"http:\/\/www.sipral.cz\/\">Sipral<\/a><\/dd>\n<dd><a href=\"http:\/\/www.soundsquare.cz\/\">SoundSquare<\/a><\/dd>\n<dd><a href=\"http:\/\/www.burinka.cz\/\">Stavebn\u00ed spo\u0159itelna \u010cesk\u00e9 Spo\u0159itelny<\/a><\/dd>\n<dd>a dal\u0161\u00ed..<\/dd>\n<\/dl>\n<\/td>\n<\/tr>\n<\/table>\n","protected":false},"excerpt":{"rendered":"<p>Osobn\u00ed Jan Proch\u00e1zka (*1979) Praha \/ \u010cerno\u0161ice u\u00a0Prahy Praxe freelance php program\u00e1tor, mysql datab\u00e1ze html, xhtml, xml, css grafika, administrace, lan, wlan konzultace, poradenstv\u00ed, n\u00e1kup a prodej marketing, reklama it slu\u017eby pro spisovny a archivy \u010clenstv\u00ed pracovn\u00ed skupina rady M\u010c Praha 7\u00a0pro informatiku rada o.s. Doln\u00edBerounka.net Spolupr\u00e1ce Renata Film I, Leo Samba Digital Media D\u00edlna &hellip; <a href=\"https:\/\/blog.cernosice.cz\/index.php\/autor\" class=\"more-link\">Pokra\u010dovat ve \u010dten\u00ed<span class=\"screen-reader-text\"> &#8222;Autor&#8220;<\/span><\/a><\/p>\n","protected":false},"author":2,"featured_media":0,"parent":0,"menu_order":0,"comment_status":"open","ping_status":"closed","template":"","meta":{"footnotes":""},"class_list":["post-620","page","type-page","status-publish","hentry"],"yoast_head":"<!-- This site is optimized with the Yoast SEO plugin v27.0 - https:\/\/yoast.com\/product\/yoast-seo-wordpress\/ -->\n<title>Autor &#8211; Prochaine Bloguje<\/title>\n<meta name=\"robots\" content=\"index, follow, max-snippet:-1, max-image-preview:large, max-video-preview:-1\" \/>\n<link rel=\"canonical\" href=\"https:\/\/blog.cernosice.cz\/index.php\/autor\" \/>\n<meta property=\"og:locale\" content=\"cs_CZ\" \/>\n<meta property=\"og:type\" content=\"article\" \/>\n<meta property=\"og:title\" content=\"Autor &#8211; Prochaine Bloguje\" \/>\n<meta property=\"og:description\" content=\"Osobn\u00ed Jan Proch\u00e1zka (*1979) Praha \/ \u010cerno\u0161ice u\u00a0Prahy Praxe freelance php program\u00e1tor, mysql datab\u00e1ze html, xhtml, xml, css grafika, administrace, lan, wlan konzultace, poradenstv\u00ed, n\u00e1kup a prodej marketing, reklama it slu\u017eby pro spisovny a archivy \u010clenstv\u00ed pracovn\u00ed skupina rady M\u010c Praha 7\u00a0pro informatiku rada o.s. Doln\u00edBerounka.net Spolupr\u00e1ce Renata Film I, Leo Samba Digital Media D\u00edlna &hellip; Pokra\u010dovat ve \u010dten\u00ed &quot;Autor&quot;\" \/>\n<meta property=\"og:url\" content=\"https:\/\/blog.cernosice.cz\/index.php\/autor\" \/>\n<meta property=\"og:site_name\" content=\"Prochaine Bloguje\" \/>\n<meta property=\"article:modified_time\" content=\"2013-05-10T18:56:10+00:00\" \/>\n<meta name=\"twitter:label1\" content=\"Odhadovan\u00e1 doba \u010dten\u00ed\" \/>\n\t<meta name=\"twitter:data1\" content=\"1 minuta\" \/>\n<script type=\"application\/ld+json\" class=\"yoast-schema-graph\">{\"@context\":\"https:\/\/schema.org\",\"@graph\":[{\"@type\":\"WebPage\",\"@id\":\"https:\/\/blog.cernosice.cz\/index.php\/autor\",\"url\":\"https:\/\/blog.cernosice.cz\/index.php\/autor\",\"name\":\"Autor &#8211; Prochaine Bloguje\",\"isPartOf\":{\"@id\":\"https:\/\/blog.cernosice.cz\/#website\"},\"datePublished\":\"2007-03-26T00:37:01+00:00\",\"dateModified\":\"2013-05-10T18:56:10+00:00\",\"breadcrumb\":{\"@id\":\"https:\/\/blog.cernosice.cz\/index.php\/autor#breadcrumb\"},\"inLanguage\":\"cs\",\"potentialAction\":[{\"@type\":\"ReadAction\",\"target\":[\"https:\/\/blog.cernosice.cz\/index.php\/autor\"]}]},{\"@type\":\"BreadcrumbList\",\"@id\":\"https:\/\/blog.cernosice.cz\/index.php\/autor#breadcrumb\",\"itemListElement\":[{\"@type\":\"ListItem\",\"position\":1,\"name\":\"Dom\u016f\",\"item\":\"https:\/\/blog.cernosice.cz\/\"},{\"@type\":\"ListItem\",\"position\":2,\"name\":\"Autor\"}]},{\"@type\":\"WebSite\",\"@id\":\"https:\/\/blog.cernosice.cz\/#website\",\"url\":\"https:\/\/blog.cernosice.cz\/\",\"name\":\"Prochaine Bloguje\",\"description\":\"Chci podat sv\u011bdectv\u00ed.\",\"potentialAction\":[{\"@type\":\"SearchAction\",\"target\":{\"@type\":\"EntryPoint\",\"urlTemplate\":\"https:\/\/blog.cernosice.cz\/?s={search_term_string}\"},\"query-input\":{\"@type\":\"PropertyValueSpecification\",\"valueRequired\":true,\"valueName\":\"search_term_string\"}}],\"inLanguage\":\"cs\"}]}<\/script>\n<!-- \/ Yoast SEO plugin. -->","yoast_head_json":{"title":"Autor &#8211; Prochaine Bloguje","robots":{"index":"index","follow":"follow","max-snippet":"max-snippet:-1","max-image-preview":"max-image-preview:large","max-video-preview":"max-video-preview:-1"},"canonical":"https:\/\/blog.cernosice.cz\/index.php\/autor","og_locale":"cs_CZ","og_type":"article","og_title":"Autor &#8211; Prochaine Bloguje","og_description":"Osobn\u00ed Jan Proch\u00e1zka (*1979) Praha \/ \u010cerno\u0161ice u\u00a0Prahy Praxe freelance php program\u00e1tor, mysql datab\u00e1ze html, xhtml, xml, css grafika, administrace, lan, wlan konzultace, poradenstv\u00ed, n\u00e1kup a prodej marketing, reklama it slu\u017eby pro spisovny a archivy \u010clenstv\u00ed pracovn\u00ed skupina rady M\u010c Praha 7\u00a0pro informatiku rada o.s. Doln\u00edBerounka.net Spolupr\u00e1ce Renata Film I, Leo Samba Digital Media D\u00edlna &hellip; Pokra\u010dovat ve \u010dten\u00ed \"Autor\"","og_url":"https:\/\/blog.cernosice.cz\/index.php\/autor","og_site_name":"Prochaine Bloguje","article_modified_time":"2013-05-10T18:56:10+00:00","twitter_misc":{"Odhadovan\u00e1 doba \u010dten\u00ed":"1 minuta"},"schema":{"@context":"https:\/\/schema.org","@graph":[{"@type":"WebPage","@id":"https:\/\/blog.cernosice.cz\/index.php\/autor","url":"https:\/\/blog.cernosice.cz\/index.php\/autor","name":"Autor &#8211; Prochaine Bloguje","isPartOf":{"@id":"https:\/\/blog.cernosice.cz\/#website"},"datePublished":"2007-03-26T00:37:01+00:00","dateModified":"2013-05-10T18:56:10+00:00","breadcrumb":{"@id":"https:\/\/blog.cernosice.cz\/index.php\/autor#breadcrumb"},"inLanguage":"cs","potentialAction":[{"@type":"ReadAction","target":["https:\/\/blog.cernosice.cz\/index.php\/autor"]}]},{"@type":"BreadcrumbList","@id":"https:\/\/blog.cernosice.cz\/index.php\/autor#breadcrumb","itemListElement":[{"@type":"ListItem","position":1,"name":"Dom\u016f","item":"https:\/\/blog.cernosice.cz\/"},{"@type":"ListItem","position":2,"name":"Autor"}]},{"@type":"WebSite","@id":"https:\/\/blog.cernosice.cz\/#website","url":"https:\/\/blog.cernosice.cz\/","name":"Prochaine Bloguje","description":"Chci podat sv\u011bdectv\u00ed.","potentialAction":[{"@type":"SearchAction","target":{"@type":"EntryPoint","urlTemplate":"https:\/\/blog.cernosice.cz\/?s={search_term_string}"},"query-input":{"@type":"PropertyValueSpecification","valueRequired":true,"valueName":"search_term_string"}}],"inLanguage":"cs"}]}},"_links":{"self":[{"href":"https:\/\/blog.cernosice.cz\/index.php\/wp-json\/wp\/v2\/pages\/620","targetHints":{"allow":["GET"]}}],"collection":[{"href":"https:\/\/blog.cernosice.cz\/index.php\/wp-json\/wp\/v2\/pages"}],"about":[{"href":"https:\/\/blog.cernosice.cz\/index.php\/wp-json\/wp\/v2\/types\/page"}],"author":[{"embeddable":true,"href":"https:\/\/blog.cernosice.cz\/index.php\/wp-json\/wp\/v2\/users\/2"}],"replies":[{"embeddable":true,"href":"https:\/\/blog.cernosice.cz\/index.php\/wp-json\/wp\/v2\/comments?post=620"}],"version-history":[{"count":0,"href":"https:\/\/blog.cernosice.cz\/index.php\/wp-json\/wp\/v2\/pages\/620\/revisions"}],"wp:attachment":[{"href":"https:\/\/blog.cernosice.cz\/index.php\/wp-json\/wp\/v2\/media?parent=620"}],"curies":[{"name":"wp","href":"https:\/\/api.w.org\/{rel}","templated":true}]}}